{"id":403,"date":"2023-08-10T09:14:26","date_gmt":"2023-08-10T09:14:26","guid":{"rendered":"https:\/\/rosabor.com\/?page_id=403"},"modified":"2023-08-10T09:26:07","modified_gmt":"2023-08-10T09:26:07","slug":"preguntas-frecuentes2","status":"publish","type":"page","link":"https:\/\/rosabor.com\/index.php\/preguntas-frecuentes2\/","title":{"rendered":"Preguntas frecuentes2"},"content":{"rendered":"<p>[et_pb_section fb_built=\u00bb1&#8243; admin_label=\u00bbFAQ\u00bb _builder_version=\u00bb4.16&#8243; _module_preset=\u00bbdefault\u00bb global_colors_info=\u00bb{}\u00bb theme_builder_area=\u00bbpost_content\u00bb][et_pb_row _builder_version=\u00bb4.16&#8243; _module_preset=\u00bbdefault\u00bb locked=\u00bboff\u00bb global_colors_info=\u00bb{}\u00bb theme_builder_area=\u00bbpost_content\u00bb][et_pb_column type=\u00bb4_4&#8243; _builder_version=\u00bb4.16&#8243; _module_preset=\u00bbdefault\u00bb global_colors_info=\u00bb{}\u00bb theme_builder_area=\u00bbpost_content\u00bb][et_pb_text _builder_version=\u00bb4.21.0&#8243; _module_preset=\u00bb90865f4d-2cce-42a7-b40e-d3fbad25605a\u00bb header_2_font=\u00bbAsap|700|||||||\u00bb header_2_text_color=\u00bb#21401C\u00bb header_2_font_size=\u00bb56px\u00bb header_2_line_height=\u00bb1.2em\u00bb text_orientation=\u00bbcenter\u00bb custom_margin=\u00bb||10px||false|false\u00bb hover_enabled=\u00bb0&#8243; header_2_font_size_tablet=\u00bb32px\u00bb header_2_font_size_phone=\u00bb20px\u00bb header_2_font_size_last_edited=\u00bbon|phone\u00bb locked=\u00bboff\u00bb global_colors_info=\u00bb{}\u00bb theme_builder_area=\u00bbpost_content\u00bb sticky_enabled=\u00bb0&#8243;]<\/p>\n<h2>Preguntas frecuentes<\/h2>\n<p>[\/et_pb_text][et_pb_accordion open_toggle_text_color=\u00bb#21401c\u00bb icon_color=\u00bb#21401C\u00bb _builder_version=\u00bb4.16&#8243; _module_preset=\u00bbdefault\u00bb toggle_text_color=\u00bb#21401c\u00bb toggle_font=\u00bbAsap|700|||||||\u00bb toggle_font_size=\u00bb18px\u00bb toggle_line_height=\u00bb1.3em\u00bb body_font=\u00bbAsap||||||||\u00bb body_text_color=\u00bb#21401C\u00bb body_font_size=\u00bb16px\u00bb body_line_height=\u00bb1.8em\u00bb text_orientation=\u00bbcenter\u00bb custom_padding=\u00bb||||false|false\u00bb toggle_font_size_tablet=\u00bb18px\u00bb toggle_font_size_phone=\u00bb14px\u00bb toggle_font_size_last_edited=\u00bbon|phone\u00bb toggle_line_height_tablet=\u00bb1.4em\u00bb toggle_line_height_phone=\u00bb1.5em\u00bb toggle_line_height_last_edited=\u00bbon|tablet\u00bb body_font_size_tablet=\u00bb15px\u00bb body_font_size_phone=\u00bb14px\u00bb body_font_size_last_edited=\u00bbon|phone\u00bb border_width_all=\u00bb0px\u00bb global_colors_info=\u00bb{}\u00bb theme_builder_area=\u00bbpost_content\u00bb][et_pb_accordion_item title=\u00bbNulla Porttitor Accumsan Tincidunt? \u00bb _builder_version=\u00bb4.16&#8243; _module_preset=\u00bbdefault\u00bb global_colors_info=\u00bb{}\u00bb theme_builder_area=\u00bbpost_content\u00bb open=\u00bbon\u00bb]<\/p>\n<p><span>En este apartado queremos responder todas aquellas dudas referentes a los diferentes procesos implicados.<\/span><\/p>\n<p><span>Para cualquier duda m\u00e1s o aclaraci\u00f3n, de c\u00f3mo funciona Rosabor, puedes ponerte en contacto<br \/>con nosotros, estaremos encantados de atenderte.<\/span><\/p>\n<p>[\/et_pb_accordion_item][et_pb_accordion_item title=\u00bbVestibulum Ante Ipsum Primis?\u00bb open=\u00bboff\u00bb _builder_version=\u00bb4.16&#8243; _module_preset=\u00bbdefault\u00bb global_colors_info=\u00bb{}\u00bb theme_builder_area=\u00bbpost_content\u00bb]Nulla quis lorem ut libero malesuada feugiat. Curabitur non nulla sit amet nisl tempus convallis quis ac lectus. Donec sollicitudin molestie malesuada. Quisque velit nisi, pretium ut lacinia.[\/et_pb_accordion_item][et_pb_accordion_item title=\u00bbProin Eget Tortor Risus?\u00bb _builder_version=\u00bb4.16&#8243; _module_preset=\u00bbdefault\u00bb global_colors_info=\u00bb{}\u00bb theme_builder_area=\u00bbpost_content\u00bb open=\u00bboff\u00bb]Vestibulum ante ipsum primis in faucibus orci luctus et ultrices posuere cubilia Curae; Donec velit neque, auctor sit amet aliquam vel, ullamcorper sit amet ligula. Cras ultricies ligula sed magna dictum porta. Cras ultricies ligula sed magna dictum porta.[\/et_pb_accordion_item][et_pb_accordion_item title=\u00bbDonec Sollicitudin Molestie Malesuada?\u00bb _builder_version=\u00bb4.16&#8243; _module_preset=\u00bbdefault\u00bb global_colors_info=\u00bb{}\u00bb theme_builder_area=\u00bbpost_content\u00bb open=\u00bboff\u00bb]Curabitur arcu erat, accumsan id imperdiet et, porttitor at sem. Nulla quis lorem ut libero malesuada feugiat. Donec rutrum congue leo eget malesuada. Vestibulum ac diam sit amet quam vehicula elementum sed sit amet dui. Nulla porttitor accumsan tincidunt.[\/et_pb_accordion_item][et_pb_accordion_item title=\u00bbQuisque Velit Nisi Pretium?\u00bb _builder_version=\u00bb4.16&#8243; _module_preset=\u00bbdefault\u00bb global_colors_info=\u00bb{}\u00bb theme_builder_area=\u00bbpost_content\u00bb open=\u00bboff\u00bb]Donec sollicitudin molestie malesuada. Pellentesque in ipsum id orci porta dapibus. Cras ultricies ligula sed magna dictum porta. Praesent sapien massa, convallis a pellentesque nec.[\/et_pb_accordion_item][et_pb_accordion_item title=\u00bbLorem Ipsum Dolor Sit Amet?\u00bb _builder_version=\u00bb4.16&#8243; _module_preset=\u00bbdefault\u00bb global_colors_info=\u00bb{}\u00bb theme_builder_area=\u00bbpost_content\u00bb open=\u00bboff\u00bb]Curabitur non nulla sit amet nisl tempus convallis quis ac lectus. Lorem ipsum dolor sit amet, consectetur adipiscing elit. Vestibulum ac diam sit amet quam vehicula elementum sed sit amet dui. Vivamus magna justo.[\/et_pb_accordion_item][\/et_pb_accordion][\/et_pb_column][\/et_pb_row][\/et_pb_section]<\/p>\n","protected":false},"excerpt":{"rendered":"<p>Preguntas frecuentesEn este apartado queremos responder todas aquellas dudas referentes a los diferentes procesos implicados. Para cualquier duda m\u00e1s o aclaraci\u00f3n, de c\u00f3mo funciona Rosabor, puedes ponerte en contactocon nosotros, estaremos encantados de atenderte.Nulla quis lorem ut libero malesuada feugiat. Curabitur non nulla sit amet nisl tempus convallis quis ac lectus. Donec sollicitudin molestie malesuada. [&hellip;]<\/p>\n","protected":false},"author":1,"featured_media":0,"parent":0,"menu_order":0,"comment_status":"closed","ping_status":"closed","template":"","meta":{"_et_pb_use_builder":"on","_et_pb_old_content":"<!-- wp:divi\/placeholder \/-->","_et_gb_content_width":"","footnotes":""},"class_list":["post-403","page","type-page","status-publish","hentry"],"_links":{"self":[{"href":"https:\/\/rosabor.com\/index.php\/wp-json\/wp\/v2\/pages\/403","targetHints":{"allow":["GET"]}}],"collection":[{"href":"https:\/\/rosabor.com\/index.php\/wp-json\/wp\/v2\/pages"}],"about":[{"href":"https:\/\/rosabor.com\/index.php\/wp-json\/wp\/v2\/types\/page"}],"author":[{"embeddable":true,"href":"https:\/\/rosabor.com\/index.php\/wp-json\/wp\/v2\/users\/1"}],"replies":[{"embeddable":true,"href":"https:\/\/rosabor.com\/index.php\/wp-json\/wp\/v2\/comments?post=403"}],"version-history":[{"count":3,"href":"https:\/\/rosabor.com\/index.php\/wp-json\/wp\/v2\/pages\/403\/revisions"}],"predecessor-version":[{"id":407,"href":"https:\/\/rosabor.com\/index.php\/wp-json\/wp\/v2\/pages\/403\/revisions\/407"}],"wp:attachment":[{"href":"https:\/\/rosabor.com\/index.php\/wp-json\/wp\/v2\/media?parent=403"}],"curies":[{"name":"wp","href":"https:\/\/api.w.org\/{rel}","templated":true}]}}